{"id":851,"date":"2024-05-17T19:10:41","date_gmt":"2024-05-17T19:10:41","guid":{"rendered":"https:\/\/reuther-systems.com\/?page_id=851"},"modified":"2024-07-04T14:28:28","modified_gmt":"2024-07-04T14:28:28","slug":"ethikkodex","status":"publish","type":"page","link":"https:\/\/reuther-systems.com\/en\/unternehmen\/ethikkodex\/","title":{"rendered":"Code of ethics"},"content":{"rendered":"\t\t<div data-elementor-type=\"wp-page\" data-elementor-id=\"851\" class=\"elementor elementor-851\" data-elementor-post-type=\"page\">\n\t\t\t\t<div class=\"elementor-element elementor-element-5322c099 e-flex e-con-boxed e-con e-parent\" data-id=\"5322c099\" data-element_type=\"container\" data-e-type=\"container\" data-settings=\"{&quot;background_background&quot;:&quot;classic&quot;,&quot;ekit_has_onepagescroll_dot&quot;:&quot;yes&quot;}\">\n\t\t\t\t\t<div class=\"e-con-inner\">\n\t\t\t\t\t<\/div>\n\t\t\t\t<\/div>\n\t\t<div class=\"elementor-element elementor-element-6d96a86d e-con-full e-flex e-con e-parent\" data-id=\"6d96a86d\" data-element_type=\"container\" data-e-type=\"container\" data-settings=\"{&quot;background_background&quot;:&quot;classic&quot;,&quot;sticky&quot;:&quot;top&quot;,&quot;sticky_offset&quot;:80,&quot;sticky_offset_tablet&quot;:80,&quot;ekit_has_onepagescroll_dot&quot;:&quot;yes&quot;,&quot;sticky_on&quot;:[&quot;desktop&quot;,&quot;tablet&quot;,&quot;mobile&quot;],&quot;sticky_effects_offset&quot;:0,&quot;sticky_anchor_link_offset&quot;:0}\">\n\t\t<div class=\"elementor-element elementor-element-1fbafd49 e-flex e-con-boxed e-con e-child\" data-id=\"1fbafd49\" data-element_type=\"container\" data-e-type=\"container\" data-settings=\"{&quot;background_background&quot;:&quot;classic&quot;,&quot;ekit_has_onepagescroll_dot&quot;:&quot;yes&quot;}\">\n\t\t\t\t\t<div class=\"e-con-inner\">\n\t\t\t\t<div class=\"elementor-element elementor-element-238f9268 elementor-widget elementor-widget-elementskit-breadcrumb\" data-id=\"238f9268\" data-element_type=\"widget\" data-e-type=\"widget\" data-settings=\"{&quot;ekit_we_effect_on&quot;:&quot;none&quot;}\" data-widget_type=\"elementskit-breadcrumb.default\">\n\t\t\t\t<div class=\"elementor-widget-container\">\n\t\t\t\t\t<div class=\"ekit-wid-con\" ><ol class=\"ekit-breadcrumb\"><li class=\"ekit_breadcrumbs_start\"><a href=\"https:\/\/reuther-systems.com\/en\">Home<\/a><\/li><\/ol><\/div>\t\t\t\t<\/div>\n\t\t\t\t<\/div>\n\t\t\t\t\t<\/div>\n\t\t\t\t<\/div>\n\t\t\t\t<\/div>\n\t\t<div class=\"elementor-element elementor-element-2681c5e4 e-flex e-con-boxed e-con e-parent\" data-id=\"2681c5e4\" data-element_type=\"container\" data-e-type=\"container\" data-settings=\"{&quot;ekit_has_onepagescroll_dot&quot;:&quot;yes&quot;}\">\n\t\t\t\t\t<div class=\"e-con-inner\">\n\t\t\t\t<div class=\"elementor-element elementor-element-2ac35c95 elementor-invisible elementor-widget elementor-widget-heading\" data-id=\"2ac35c95\" data-element_type=\"widget\" data-e-type=\"widget\" data-settings=\"{&quot;_animation&quot;:&quot;fadeInUp&quot;,&quot;ekit_we_effect_on&quot;:&quot;none&quot;}\" data-widget_type=\"heading.default\">\n\t\t\t\t<div class=\"elementor-widget-container\">\n\t\t\t\t\t<h4 class=\"elementor-heading-title elementor-size-default\">Mit Integrit\u00e4t, Respekt und Qualit\u00e4t zum Erfolg.<\/h4>\t\t\t\t<\/div>\n\t\t\t\t<\/div>\n\t\t\t\t<div class=\"elementor-element elementor-element-4f56356c elementor-invisible elementor-widget elementor-widget-heading\" data-id=\"4f56356c\" data-element_type=\"widget\" data-e-type=\"widget\" data-settings=\"{&quot;_animation&quot;:&quot;fadeInUp&quot;,&quot;ekit_we_effect_on&quot;:&quot;none&quot;}\" data-widget_type=\"heading.default\">\n\t\t\t\t<div class=\"elementor-widget-container\">\n\t\t\t\t\t<h1 class=\"elementor-heading-title elementor-size-default\">ETHIKKODEX<\/h1>\t\t\t\t<\/div>\n\t\t\t\t<\/div>\n\t\t\t\t<div class=\"elementor-element elementor-element-6ff0d634 elementor-invisible elementor-widget elementor-widget-text-editor\" data-id=\"6ff0d634\" data-element_type=\"widget\" data-e-type=\"widget\" data-settings=\"{&quot;_animation&quot;:&quot;fadeInUp&quot;,&quot;ekit_we_effect_on&quot;:&quot;none&quot;}\" data-widget_type=\"text-editor.default\">\n\t\t\t\t<div class=\"elementor-widget-container\">\n\t\t\t\t\t\t\t\t\t<p>Wir, die Mitarbeiter von Reuther-Systems, verpflichten uns zu einem Verhalten, das auf Integrit\u00e4t, Respekt und Verantwortung basiert. Unser gemeinsames Ziel ist, das Vertrauen unserer Kunden und Gesch\u00e4ftspartner weiter auszubauen und zu erhalten.<\/p>\t\t\t\t\t\t\t\t<\/div>\n\t\t\t\t<\/div>\n\t\t\t\t\t<\/div>\n\t\t\t\t<\/div>\n\t\t<div class=\"elementor-element elementor-element-6c2e05e e-flex e-con-boxed e-con e-parent\" data-id=\"6c2e05e\" data-element_type=\"container\" data-e-type=\"container\" data-settings=\"{&quot;background_background&quot;:&quot;classic&quot;,&quot;ekit_has_onepagescroll_dot&quot;:&quot;yes&quot;}\">\n\t\t\t\t\t<div class=\"e-con-inner\">\n\t\t<div class=\"elementor-element elementor-element-164d0c9 e-flex e-con-boxed e-con e-child\" data-id=\"164d0c9\" data-element_type=\"container\" data-e-type=\"container\" data-settings=\"{&quot;ekit_has_onepagescroll_dot&quot;:&quot;yes&quot;}\">\n\t\t\t\t\t<div class=\"e-con-inner\">\n\t\t<div class=\"elementor-element elementor-element-7d64106 e-con-full e-flex e-con e-child\" data-id=\"7d64106\" data-element_type=\"container\" data-e-type=\"container\" data-settings=\"{&quot;background_background&quot;:&quot;classic&quot;,&quot;ekit_has_onepagescroll_dot&quot;:&quot;yes&quot;}\">\n\t\t\t\t<div class=\"elementor-element elementor-element-2a6650c elementor-view-default elementor-widget elementor-widget-icon\" data-id=\"2a6650c\" data-element_type=\"widget\" data-e-type=\"widget\" data-settings=\"{&quot;ekit_we_effect_on&quot;:&quot;none&quot;}\" data-widget_type=\"icon.default\">\n\t\t\t\t<div class=\"elementor-widget-container\">\n\t\t\t\t\t\t\t<div class=\"elementor-icon-wrapper\">\n\t\t\t<div class=\"elementor-icon\">\n\t\t\t<i aria-hidden=\"true\" class=\"icon icon-badge\"><\/i>\t\t\t<\/div>\n\t\t<\/div>\n\t\t\t\t\t\t<\/div>\n\t\t\t\t<\/div>\n\t\t\t\t<div class=\"elementor-element elementor-element-460c120 elementor-widget elementor-widget-heading\" data-id=\"460c120\" data-element_type=\"widget\" data-e-type=\"widget\" data-settings=\"{&quot;ekit_we_effect_on&quot;:&quot;none&quot;}\" data-widget_type=\"heading.default\">\n\t\t\t\t<div class=\"elementor-widget-container\">\n\t\t\t\t\t<h3 class=\"elementor-heading-title elementor-size-default\">Integrit\u00e4t und <br \/> Ehrlichkeit<\/h3>\t\t\t\t<\/div>\n\t\t\t\t<\/div>\n\t\t\t\t<div class=\"elementor-element elementor-element-3cabe9c elementor-widget elementor-widget-text-editor\" data-id=\"3cabe9c\" data-element_type=\"widget\" data-e-type=\"widget\" data-settings=\"{&quot;ekit_we_effect_on&quot;:&quot;none&quot;}\" data-widget_type=\"text-editor.default\">\n\t\t\t\t<div class=\"elementor-widget-container\">\n\t\t\t\t\t\t\t\t\t<p>Hierzu z\u00e4hlen wir, dass Gesch\u00e4ftsgeheimnisse und vertrauliche Unternehmensinformationen nicht weitergegeben und streng vertraulich behandelt werden. Alle Berichte und Informationen, die weitergegeben werden, m\u00fcssen korrekt und transparent sein.<\/p>\t\t\t\t\t\t\t\t<\/div>\n\t\t\t\t<\/div>\n\t\t\t\t<\/div>\n\t\t<div class=\"elementor-element elementor-element-6ee7385 e-con-full e-flex e-con e-child\" data-id=\"6ee7385\" data-element_type=\"container\" data-e-type=\"container\" data-settings=\"{&quot;background_background&quot;:&quot;classic&quot;,&quot;ekit_has_onepagescroll_dot&quot;:&quot;yes&quot;}\">\n\t\t\t\t<div class=\"elementor-element elementor-element-daf69ed elementor-view-default elementor-widget elementor-widget-icon\" data-id=\"daf69ed\" data-element_type=\"widget\" data-e-type=\"widget\" data-settings=\"{&quot;ekit_we_effect_on&quot;:&quot;none&quot;}\" data-widget_type=\"icon.default\">\n\t\t\t\t<div class=\"elementor-widget-container\">\n\t\t\t\t\t\t\t<div class=\"elementor-icon-wrapper\">\n\t\t\t<div class=\"elementor-icon\">\n\t\t\t<i aria-hidden=\"true\" class=\"icon icon-handshake\"><\/i>\t\t\t<\/div>\n\t\t<\/div>\n\t\t\t\t\t\t<\/div>\n\t\t\t\t<\/div>\n\t\t\t\t<div class=\"elementor-element elementor-element-1126f94 elementor-widget elementor-widget-heading\" data-id=\"1126f94\" data-element_type=\"widget\" data-e-type=\"widget\" data-settings=\"{&quot;ekit_we_effect_on&quot;:&quot;none&quot;}\" data-widget_type=\"heading.default\">\n\t\t\t\t<div class=\"elementor-widget-container\">\n\t\t\t\t\t<h3 class=\"elementor-heading-title elementor-size-default\">Respekt und <br \/> Fairness<\/h3>\t\t\t\t<\/div>\n\t\t\t\t<\/div>\n\t\t\t\t<div class=\"elementor-element elementor-element-23a74fd elementor-widget elementor-widget-text-editor\" data-id=\"23a74fd\" data-element_type=\"widget\" data-e-type=\"widget\" data-settings=\"{&quot;ekit_we_effect_on&quot;:&quot;none&quot;}\" data-widget_type=\"text-editor.default\">\n\t\t\t\t<div class=\"elementor-widget-container\">\n\t\t\t\t\t\t\t\t\t<p>Hierzu z\u00e4hlen wir, dass alle Mitarbeiter und Gesch\u00e4ftspartner fair und respektvoll auf Augenh\u00f6he behandelt werden. Wir f\u00f6rdern ein gesundes und sicheres Arbeitsumfeld ohne Toleranz f\u00fcr Diskriminierung.<\/p>\t\t\t\t\t\t\t\t<\/div>\n\t\t\t\t<\/div>\n\t\t\t\t<\/div>\n\t\t<div class=\"elementor-element elementor-element-723231c e-con-full e-flex e-con e-child\" data-id=\"723231c\" data-element_type=\"container\" data-e-type=\"container\" data-settings=\"{&quot;background_background&quot;:&quot;classic&quot;,&quot;ekit_has_onepagescroll_dot&quot;:&quot;yes&quot;}\">\n\t\t\t\t<div class=\"elementor-element elementor-element-2563afb elementor-view-default elementor-widget elementor-widget-icon\" data-id=\"2563afb\" data-element_type=\"widget\" data-e-type=\"widget\" data-settings=\"{&quot;ekit_we_effect_on&quot;:&quot;none&quot;}\" data-widget_type=\"icon.default\">\n\t\t\t\t<div class=\"elementor-widget-container\">\n\t\t\t\t\t\t\t<div class=\"elementor-icon-wrapper\">\n\t\t\t<div class=\"elementor-icon\">\n\t\t\t<i aria-hidden=\"true\" class=\"icon icon-Target\"><\/i>\t\t\t<\/div>\n\t\t<\/div>\n\t\t\t\t\t\t<\/div>\n\t\t\t\t<\/div>\n\t\t\t\t<div class=\"elementor-element elementor-element-d7ac7a1 elementor-widget__width-initial elementor-widget elementor-widget-heading\" data-id=\"d7ac7a1\" data-element_type=\"widget\" data-e-type=\"widget\" data-settings=\"{&quot;ekit_we_effect_on&quot;:&quot;none&quot;}\" data-widget_type=\"heading.default\">\n\t\t\t\t<div class=\"elementor-widget-container\">\n\t\t\t\t\t<h3 class=\"elementor-heading-title elementor-size-default\">Qualit\u00e4t und Professionalit\u00e4t<\/h3>\t\t\t\t<\/div>\n\t\t\t\t<\/div>\n\t\t\t\t<div class=\"elementor-element elementor-element-7f701aa elementor-widget elementor-widget-text-editor\" data-id=\"7f701aa\" data-element_type=\"widget\" data-e-type=\"widget\" data-settings=\"{&quot;ekit_we_effect_on&quot;:&quot;none&quot;}\" data-widget_type=\"text-editor.default\">\n\t\t\t\t<div class=\"elementor-widget-container\">\n\t\t\t\t\t\t\t\t\t<p>Hierzu z\u00e4hlen wir, dass durch kontinuierliche Weiterbildung und Entwicklung unserer F\u00e4higkeiten h\u00f6chste Standards erreicht werden, um Produkte und Dienstleistungen von bester Qualit\u00e4t zu liefern.<\/p>\t\t\t\t\t\t\t\t<\/div>\n\t\t\t\t<\/div>\n\t\t\t\t<\/div>\n\t\t\t\t\t<\/div>\n\t\t\t\t<\/div>\n\t\t\t\t\t<\/div>\n\t\t\t\t<\/div>\n\t\t<div class=\"elementor-element elementor-element-8b64400 e-flex e-con-boxed e-con e-parent\" data-id=\"8b64400\" data-element_type=\"container\" data-e-type=\"container\" data-settings=\"{&quot;ekit_has_onepagescroll_dot&quot;:&quot;yes&quot;}\">\n\t\t\t\t\t<div class=\"e-con-inner\">\n\t\t<div class=\"elementor-element elementor-element-1c8067e e-flex e-con-boxed e-con e-child\" data-id=\"1c8067e\" data-element_type=\"container\" data-e-type=\"container\" data-settings=\"{&quot;ekit_has_onepagescroll_dot&quot;:&quot;yes&quot;}\">\n\t\t\t\t\t<div class=\"e-con-inner\">\n\t\t<a class=\"elementor-element elementor-element-5f2e9f9 e-con-full i_box e-flex elementor-invisible e-con e-child\" data-id=\"5f2e9f9\" data-element_type=\"container\" data-e-type=\"container\" data-settings=\"{&quot;animation&quot;:&quot;fadeIn&quot;,&quot;animation_delay&quot;:500,&quot;ekit_has_onepagescroll_dot&quot;:&quot;yes&quot;}\" href=\"https:\/\/reuther-systems.com\/en\/unternehmen\/nachhaltigkeit\/\">\n\t\t<div class=\"elementor-element elementor-element-ce59271 image-boxx e-flex e-con-boxed e-con e-child\" data-id=\"ce59271\" data-element_type=\"container\" data-e-type=\"container\" data-settings=\"{&quot;ekit_has_onepagescroll_dot&quot;:&quot;yes&quot;}\">\n\t\t\t\t\t<div class=\"e-con-inner\">\n\t\t\t\t<div class=\"elementor-element elementor-element-36a5194 elementor-widget elementor-widget-image\" data-id=\"36a5194\" data-element_type=\"widget\" data-e-type=\"widget\" data-settings=\"{&quot;ekit_we_effect_on&quot;:&quot;none&quot;}\" data-widget_type=\"image.default\">\n\t\t\t\t<div class=\"elementor-widget-container\">\n\t\t\t\t\t\t\t\t\t\t\t\t\t\t\t<img fetchpriority=\"high\" decoding=\"async\" width=\"2560\" height=\"1707\" src=\"https:\/\/reuther-systems.com\/wp-content\/uploads\/2024\/06\/Natur-scaled.jpg\" class=\"elementor-animation-grow attachment-full size-full wp-image-3535\" alt=\"Reuther-Systems Machines\" srcset=\"https:\/\/reuther-systems.com\/wp-content\/uploads\/2024\/06\/Natur-scaled.jpg 2560w, https:\/\/reuther-systems.com\/wp-content\/uploads\/2024\/06\/Natur-300x200.jpg 300w, https:\/\/reuther-systems.com\/wp-content\/uploads\/2024\/06\/Natur-1024x683.jpg 1024w, https:\/\/reuther-systems.com\/wp-content\/uploads\/2024\/06\/Natur-768x512.jpg 768w, https:\/\/reuther-systems.com\/wp-content\/uploads\/2024\/06\/Natur-1536x1024.jpg 1536w, https:\/\/reuther-systems.com\/wp-content\/uploads\/2024\/06\/Natur-2048x1365.jpg 2048w, https:\/\/reuther-systems.com\/wp-content\/uploads\/2024\/06\/Natur-18x12.jpg 18w\" sizes=\"(max-width: 2560px) 100vw, 2560px\" \/>\t\t\t\t\t\t\t\t\t\t\t\t\t\t\t<\/div>\n\t\t\t\t<\/div>\n\t\t\t\t\t<\/div>\n\t\t\t\t<\/div>\n\t\t\t\t<div class=\"elementor-element elementor-element-70317f1 i_ttl elementor-widget elementor-widget-text-editor\" data-id=\"70317f1\" data-element_type=\"widget\" data-e-type=\"widget\" data-settings=\"{&quot;ekit_we_effect_on&quot;:&quot;none&quot;}\" data-widget_type=\"text-editor.default\">\n\t\t\t\t<div class=\"elementor-widget-container\">\n\t\t\t\t\t\t\t\t\t<p>Nachhaltigkeit<\/p>\t\t\t\t\t\t\t\t<\/div>\n\t\t\t\t<\/div>\n\t\t\t\t<\/a>\n\t\t<a class=\"elementor-element elementor-element-0c5ffc9 e-con-full i_box e-flex elementor-invisible e-con e-child\" data-id=\"0c5ffc9\" data-element_type=\"container\" data-e-type=\"container\" data-settings=\"{&quot;animation&quot;:&quot;fadeIn&quot;,&quot;animation_delay&quot;:500,&quot;ekit_has_onepagescroll_dot&quot;:&quot;yes&quot;}\" href=\"https:\/\/reuther-systems.com\/en\/unternehmen\/historie\/\">\n\t\t<div class=\"elementor-element elementor-element-307f2a9 image-boxx e-flex e-con-boxed e-con e-child\" data-id=\"307f2a9\" data-element_type=\"container\" data-e-type=\"container\" data-settings=\"{&quot;ekit_has_onepagescroll_dot&quot;:&quot;yes&quot;}\">\n\t\t\t\t\t<div class=\"e-con-inner\">\n\t\t\t\t<div class=\"elementor-element elementor-element-fe46478 elementor-widget elementor-widget-image\" data-id=\"fe46478\" data-element_type=\"widget\" data-e-type=\"widget\" data-settings=\"{&quot;ekit_we_effect_on&quot;:&quot;none&quot;}\" data-widget_type=\"image.default\">\n\t\t\t\t<div class=\"elementor-widget-container\">\n\t\t\t\t\t\t\t\t\t\t\t\t\t\t\t<img decoding=\"async\" width=\"2560\" height=\"1706\" src=\"https:\/\/reuther-systems.com\/wp-content\/uploads\/2024\/06\/Historie-scaled.jpg\" class=\"elementor-animation-grow attachment-full size-full wp-image-3534\" alt=\"Reuther-Systems Machines\" srcset=\"https:\/\/reuther-systems.com\/wp-content\/uploads\/2024\/06\/Historie-scaled.jpg 2560w, https:\/\/reuther-systems.com\/wp-content\/uploads\/2024\/06\/Historie-300x200.jpg 300w, https:\/\/reuther-systems.com\/wp-content\/uploads\/2024\/06\/Historie-1024x683.jpg 1024w, https:\/\/reuther-systems.com\/wp-content\/uploads\/2024\/06\/Historie-768x512.jpg 768w, https:\/\/reuther-systems.com\/wp-content\/uploads\/2024\/06\/Historie-1536x1024.jpg 1536w, https:\/\/reuther-systems.com\/wp-content\/uploads\/2024\/06\/Historie-2048x1365.jpg 2048w, https:\/\/reuther-systems.com\/wp-content\/uploads\/2024\/06\/Historie-18x12.jpg 18w\" sizes=\"(max-width: 2560px) 100vw, 2560px\" \/>\t\t\t\t\t\t\t\t\t\t\t\t\t\t\t<\/div>\n\t\t\t\t<\/div>\n\t\t\t\t\t<\/div>\n\t\t\t\t<\/div>\n\t\t\t\t<div class=\"elementor-element elementor-element-086d958 i_ttl elementor-widget elementor-widget-text-editor\" data-id=\"086d958\" data-element_type=\"widget\" data-e-type=\"widget\" data-settings=\"{&quot;ekit_we_effect_on&quot;:&quot;none&quot;}\" data-widget_type=\"text-editor.default\">\n\t\t\t\t<div class=\"elementor-widget-container\">\n\t\t\t\t\t\t\t\t\t<p>Historie<\/p>\t\t\t\t\t\t\t\t<\/div>\n\t\t\t\t<\/div>\n\t\t\t\t<\/a>\n\t\t<a class=\"elementor-element elementor-element-c7650c6 e-con-full i_box e-flex elementor-invisible e-con e-child\" data-id=\"c7650c6\" data-element_type=\"container\" data-e-type=\"container\" data-settings=\"{&quot;animation&quot;:&quot;fadeIn&quot;,&quot;animation_delay&quot;:500,&quot;ekit_has_onepagescroll_dot&quot;:&quot;yes&quot;}\" href=\"https:\/\/reuther-systems.com\/en\/unternehmen\/philosophie\/\">\n\t\t<div class=\"elementor-element elementor-element-3199f3f image-boxx e-flex e-con-boxed e-con e-child\" data-id=\"3199f3f\" data-element_type=\"container\" data-e-type=\"container\" data-settings=\"{&quot;ekit_has_onepagescroll_dot&quot;:&quot;yes&quot;}\">\n\t\t\t\t\t<div class=\"e-con-inner\">\n\t\t\t\t<div class=\"elementor-element elementor-element-614b292 elementor-widget elementor-widget-image\" data-id=\"614b292\" data-element_type=\"widget\" data-e-type=\"widget\" data-settings=\"{&quot;ekit_we_effect_on&quot;:&quot;none&quot;}\" data-widget_type=\"image.default\">\n\t\t\t\t<div class=\"elementor-widget-container\">\n\t\t\t\t\t\t\t\t\t\t\t\t\t\t\t<img decoding=\"async\" width=\"2560\" height=\"1707\" src=\"https:\/\/reuther-systems.com\/wp-content\/uploads\/2024\/06\/Philosophie-scaled.jpg\" class=\"elementor-animation-grow attachment-full size-full wp-image-3536\" alt=\"Reuther-Systems Machines\" srcset=\"https:\/\/reuther-systems.com\/wp-content\/uploads\/2024\/06\/Philosophie-scaled.jpg 2560w, https:\/\/reuther-systems.com\/wp-content\/uploads\/2024\/06\/Philosophie-300x200.jpg 300w, https:\/\/reuther-systems.com\/wp-content\/uploads\/2024\/06\/Philosophie-1024x683.jpg 1024w, https:\/\/reuther-systems.com\/wp-content\/uploads\/2024\/06\/Philosophie-768x512.jpg 768w, https:\/\/reuther-systems.com\/wp-content\/uploads\/2024\/06\/Philosophie-1536x1024.jpg 1536w, https:\/\/reuther-systems.com\/wp-content\/uploads\/2024\/06\/Philosophie-2048x1365.jpg 2048w, https:\/\/reuther-systems.com\/wp-content\/uploads\/2024\/06\/Philosophie-18x12.jpg 18w\" sizes=\"(max-width: 2560px) 100vw, 2560px\" \/>\t\t\t\t\t\t\t\t\t\t\t\t\t\t\t<\/div>\n\t\t\t\t<\/div>\n\t\t\t\t\t<\/div>\n\t\t\t\t<\/div>\n\t\t\t\t<div class=\"elementor-element elementor-element-cd6e1f3 i_ttl elementor-widget elementor-widget-text-editor\" data-id=\"cd6e1f3\" data-element_type=\"widget\" data-e-type=\"widget\" data-settings=\"{&quot;ekit_we_effect_on&quot;:&quot;none&quot;}\" data-widget_type=\"text-editor.default\">\n\t\t\t\t<div class=\"elementor-widget-container\">\n\t\t\t\t\t\t\t\t\t<p>Philosophie<\/p>\t\t\t\t\t\t\t\t<\/div>\n\t\t\t\t<\/div>\n\t\t\t\t<\/a>\n\t\t<a class=\"elementor-element elementor-element-d7ba6ef e-con-full i_box e-flex elementor-invisible e-con e-child\" data-id=\"d7ba6ef\" data-element_type=\"container\" data-e-type=\"container\" data-settings=\"{&quot;animation&quot;:&quot;fadeIn&quot;,&quot;animation_delay&quot;:500,&quot;ekit_has_onepagescroll_dot&quot;:&quot;yes&quot;}\" href=\"https:\/\/reuther-systems.com\/en\/unternehmen\/ethikkodex\/\">\n\t\t<div class=\"elementor-element elementor-element-63e0b6f image-boxx e-flex e-con-boxed e-con e-child\" data-id=\"63e0b6f\" data-element_type=\"container\" data-e-type=\"container\" data-settings=\"{&quot;ekit_has_onepagescroll_dot&quot;:&quot;yes&quot;}\">\n\t\t\t\t\t<div class=\"e-con-inner\">\n\t\t\t\t<div class=\"elementor-element elementor-element-8f421c7 elementor-widget elementor-widget-image\" data-id=\"8f421c7\" data-element_type=\"widget\" data-e-type=\"widget\" data-settings=\"{&quot;ekit_we_effect_on&quot;:&quot;none&quot;}\" data-widget_type=\"image.default\">\n\t\t\t\t<div class=\"elementor-widget-container\">\n\t\t\t\t\t\t\t\t\t\t\t\t\t\t\t<img loading=\"lazy\" decoding=\"async\" width=\"2560\" height=\"1706\" src=\"https:\/\/reuther-systems.com\/wp-content\/uploads\/2024\/06\/Ethik-scaled.jpg\" class=\"elementor-animation-grow attachment-full size-full wp-image-3533\" alt=\"Reuther-Systems Machines\" srcset=\"https:\/\/reuther-systems.com\/wp-content\/uploads\/2024\/06\/Ethik-scaled.jpg 2560w, https:\/\/reuther-systems.com\/wp-content\/uploads\/2024\/06\/Ethik-300x200.jpg 300w, https:\/\/reuther-systems.com\/wp-content\/uploads\/2024\/06\/Ethik-1024x683.jpg 1024w, https:\/\/reuther-systems.com\/wp-content\/uploads\/2024\/06\/Ethik-768x512.jpg 768w, https:\/\/reuther-systems.com\/wp-content\/uploads\/2024\/06\/Ethik-1536x1024.jpg 1536w, https:\/\/reuther-systems.com\/wp-content\/uploads\/2024\/06\/Ethik-2048x1365.jpg 2048w, https:\/\/reuther-systems.com\/wp-content\/uploads\/2024\/06\/Ethik-18x12.jpg 18w\" sizes=\"(max-width: 2560px) 100vw, 2560px\" \/>\t\t\t\t\t\t\t\t\t\t\t\t\t\t\t<\/div>\n\t\t\t\t<\/div>\n\t\t\t\t\t<\/div>\n\t\t\t\t<\/div>\n\t\t\t\t<div class=\"elementor-element elementor-element-9fe8f6e i_ttl elementor-widget elementor-widget-text-editor\" data-id=\"9fe8f6e\" data-element_type=\"widget\" data-e-type=\"widget\" data-settings=\"{&quot;ekit_we_effect_on&quot;:&quot;none&quot;}\" data-widget_type=\"text-editor.default\">\n\t\t\t\t<div class=\"elementor-widget-container\">\n\t\t\t\t\t\t\t\t\t<p>Ethikkodex<\/p>\t\t\t\t\t\t\t\t<\/div>\n\t\t\t\t<\/div>\n\t\t\t\t<\/a>\n\t\t\t\t\t<\/div>\n\t\t\t\t<\/div>\n\t\t\t\t\t<\/div>\n\t\t\t\t<\/div>\n\t\t\t\t<\/div>\n\t\t","protected":false},"excerpt":{"rendered":"<p>Home Mit Integrit\u00e4t, Respekt und Qualit\u00e4t zum Erfolg. ETHIKKODEX Wir, die Mitarbeiter von Reuther-Systems, verpflichten uns zu einem Verhalten, das [&hellip;]<\/p>\n","protected":false},"author":1,"featured_media":0,"parent":811,"menu_order":0,"comment_status":"closed","ping_status":"closed","template":"","meta":{"site-sidebar-layout":"no-sidebar","site-content-layout":"","ast-site-content-layout":"full-width-container","site-content-style":"default","site-sidebar-style":"default","ast-global-header-display":"","ast-banner-title-visibility":"","ast-main-header-display":"","ast-hfb-above-header-display":"","ast-hfb-below-header-display":"","ast-hfb-mobile-header-display":"","site-post-title":"disabled","ast-breadcrumbs-content":"","ast-featured-img":"disabled","footer-sml-layout":"","ast-disable-related-posts":"","theme-transparent-header-meta":"default","adv-header-id-meta":"","stick-header-meta":"","header-above-stick-meta":"","header-main-stick-meta":"","header-below-stick-meta":"","astra-migrate-meta-layouts":"set","ast-page-background-enabled":"default","ast-page-background-meta":{"desktop":{"background-color":"var(--ast-global-color-4)","background-image":"","background-repeat":"repeat","background-position":"center center","background-size":"auto","background-attachment":"scroll","background-type":"","background-media":"","overlay-type":"","overlay-color":"","overlay-opacity":"","overlay-gradient":""},"tablet":{"background-color":"","background-image":"","background-repeat":"repeat","background-position":"center center","background-size":"auto","background-attachment":"scroll","background-type":"","background-media":"","overlay-type":"","overlay-color":"","overlay-opacity":"","overlay-gradient":""},"mobile":{"background-color":"","background-image":"","background-repeat":"repeat","background-position":"center center","background-size":"auto","background-attachment":"scroll","background-type":"","background-media":"","overlay-type":"","overlay-color":"","overlay-opacity":"","overlay-gradient":""}},"ast-content-background-meta":{"desktop":{"background-color":"var(--ast-global-color-5)","background-image":"","background-repeat":"repeat","background-position":"center center","background-size":"auto","background-attachment":"scroll","background-type":"","background-media":"","overlay-type":"","overlay-color":"","overlay-opacity":"","overlay-gradient":""},"tablet":{"background-color":"var(--ast-global-color-5)","background-image":"","background-repeat":"repeat","background-position":"center center","background-size":"auto","background-attachment":"scroll","background-type":"","background-media":"","overlay-type":"","overlay-color":"","overlay-opacity":"","overlay-gradient":""},"mobile":{"background-color":"var(--ast-global-color-5)","background-image":"","background-repeat":"repeat","background-position":"center center","background-size":"auto","background-attachment":"scroll","background-type":"","background-media":"","overlay-type":"","overlay-color":"","overlay-opacity":"","overlay-gradient":""}},"footnotes":""},"class_list":["post-851","page","type-page","status-publish","hentry"],"_links":{"self":[{"href":"https:\/\/reuther-systems.com\/en\/wp-json\/wp\/v2\/pages\/851","targetHints":{"allow":["GET"]}}],"collection":[{"href":"https:\/\/reuther-systems.com\/en\/wp-json\/wp\/v2\/pages"}],"about":[{"href":"https:\/\/reuther-systems.com\/en\/wp-json\/wp\/v2\/types\/page"}],"author":[{"embeddable":true,"href":"https:\/\/reuther-systems.com\/en\/wp-json\/wp\/v2\/users\/1"}],"replies":[{"embeddable":true,"href":"https:\/\/reuther-systems.com\/en\/wp-json\/wp\/v2\/comments?post=851"}],"version-history":[{"count":0,"href":"https:\/\/reuther-systems.com\/en\/wp-json\/wp\/v2\/pages\/851\/revisions"}],"up":[{"embeddable":true,"href":"https:\/\/reuther-systems.com\/en\/wp-json\/wp\/v2\/pages\/811"}],"wp:attachment":[{"href":"https:\/\/reuther-systems.com\/en\/wp-json\/wp\/v2\/media?parent=851"}],"curies":[{"name":"wp","href":"https:\/\/api.w.org\/{rel}","templated":true}]}}