{"id":811,"date":"2024-05-17T18:14:37","date_gmt":"2024-05-17T18:14:37","guid":{"rendered":"https:\/\/reuther-systems.com\/?page_id=811"},"modified":"2024-07-27T13:09:08","modified_gmt":"2024-07-27T13:09:08","slug":"unternehmen","status":"publish","type":"page","link":"https:\/\/reuther-systems.com\/es\/unternehmen\/","title":{"rendered":"La empresa"},"content":{"rendered":"\t\t<div data-elementor-type=\"wp-page\" data-elementor-id=\"811\" class=\"elementor elementor-811\" data-elementor-post-type=\"page\">\n\t\t\t\t<div class=\"elementor-element elementor-element-3624855e e-flex e-con-boxed e-con e-parent\" data-id=\"3624855e\" data-element_type=\"container\" data-e-type=\"container\" data-settings=\"{&quot;background_background&quot;:&quot;classic&quot;,&quot;ekit_has_onepagescroll_dot&quot;:&quot;yes&quot;}\">\n\t\t\t\t\t<div class=\"e-con-inner\">\n\t\t\t\t\t<\/div>\n\t\t\t\t<\/div>\n\t\t<div class=\"elementor-element elementor-element-2aab497d e-con-full e-flex e-con e-parent\" data-id=\"2aab497d\" data-element_type=\"container\" data-e-type=\"container\" data-settings=\"{&quot;background_background&quot;:&quot;classic&quot;,&quot;sticky&quot;:&quot;top&quot;,&quot;sticky_offset&quot;:80,&quot;sticky_offset_tablet&quot;:80,&quot;ekit_has_onepagescroll_dot&quot;:&quot;yes&quot;,&quot;sticky_on&quot;:[&quot;desktop&quot;,&quot;tablet&quot;,&quot;mobile&quot;],&quot;sticky_effects_offset&quot;:0,&quot;sticky_anchor_link_offset&quot;:0}\">\n\t\t<div class=\"elementor-element elementor-element-53af6705 e-flex e-con-boxed e-con e-child\" data-id=\"53af6705\" data-element_type=\"container\" data-e-type=\"container\" data-settings=\"{&quot;background_background&quot;:&quot;classic&quot;,&quot;ekit_has_onepagescroll_dot&quot;:&quot;yes&quot;}\">\n\t\t\t\t\t<div class=\"e-con-inner\">\n\t\t\t\t<div class=\"elementor-element elementor-element-21150fd1 elementor-widget elementor-widget-elementskit-breadcrumb\" data-id=\"21150fd1\" data-element_type=\"widget\" data-e-type=\"widget\" data-settings=\"{&quot;ekit_we_effect_on&quot;:&quot;none&quot;}\" data-widget_type=\"elementskit-breadcrumb.default\">\n\t\t\t\t<div class=\"elementor-widget-container\">\n\t\t\t\t\t<div class=\"ekit-wid-con\" ><ol class=\"ekit-breadcrumb\"><li class=\"ekit_breadcrumbs_start\"><a href=\"https:\/\/reuther-systems.com\/es\">Home<\/a><\/li><\/ol><\/div>\t\t\t\t<\/div>\n\t\t\t\t<\/div>\n\t\t\t\t\t<\/div>\n\t\t\t\t<\/div>\n\t\t\t\t<\/div>\n\t\t<div class=\"elementor-element elementor-element-c8f5d3a e-flex e-con-boxed e-con e-parent\" data-id=\"c8f5d3a\" data-element_type=\"container\" data-e-type=\"container\" data-settings=\"{&quot;ekit_has_onepagescroll_dot&quot;:&quot;yes&quot;}\">\n\t\t\t\t\t<div class=\"e-con-inner\">\n\t\t\t\t<div class=\"elementor-element elementor-element-1631640 elementor-invisible elementor-widget elementor-widget-heading\" data-id=\"1631640\" data-element_type=\"widget\" data-e-type=\"widget\" data-settings=\"{&quot;_animation&quot;:&quot;fadeInUp&quot;,&quot;ekit_we_effect_on&quot;:&quot;none&quot;}\" data-widget_type=\"heading.default\">\n\t\t\t\t<div class=\"elementor-widget-container\">\n\t\t\t\t\t<h4 class=\"elementor-heading-title elementor-size-default\">Willkommen bei Reuther-Systems \u2013 Ihrem Experten f\u00fcr Hei\u00dfleim- und Kaltleimauftragssysteme<\/h4>\t\t\t\t<\/div>\n\t\t\t\t<\/div>\n\t\t\t\t<div class=\"elementor-element elementor-element-fef0424 elementor-invisible elementor-widget elementor-widget-heading\" data-id=\"fef0424\" data-element_type=\"widget\" data-e-type=\"widget\" data-settings=\"{&quot;_animation&quot;:&quot;fadeInUp&quot;,&quot;ekit_we_effect_on&quot;:&quot;none&quot;}\" data-widget_type=\"heading.default\">\n\t\t\t\t<div class=\"elementor-widget-container\">\n\t\t\t\t\t<h1 class=\"elementor-heading-title elementor-size-default\">UNTERNEHMEN<\/h1>\t\t\t\t<\/div>\n\t\t\t\t<\/div>\n\t\t\t\t<div class=\"elementor-element elementor-element-6152871 elementor-invisible elementor-widget elementor-widget-text-editor\" data-id=\"6152871\" data-element_type=\"widget\" data-e-type=\"widget\" data-settings=\"{&quot;_animation&quot;:&quot;fadeInUp&quot;,&quot;ekit_we_effect_on&quot;:&quot;none&quot;}\" data-widget_type=\"text-editor.default\">\n\t\t\t\t<div class=\"elementor-widget-container\">\n\t\t\t\t\t\t\t\t\t<p>Reuther-Systems ist seit Jahrzehnten ein Synonym f\u00fcr professionelle, innovative Klebstoff-Auftragstechnik. Mit \u00fcber 30 Jahren Erfahrung sind wir bei Reuther-Systems stolz darauf, f\u00fchrend in der Entwicklung und Herstellung von hochmodernen Anlagen f\u00fcr den maschinellen Auftrag von Hei\u00dfleim und Kaltleim zu sein. Unsere innovativen L\u00f6sungen erm\u00f6glichen es Unternehmen weltweit, ihre Produktionsprozesse zu optimieren und h\u00f6chste Pr\u00e4zision und Effizienz beim Klebstoffauftrag zu erreichen. Kernkompetenz ist die Entwicklung und Produktion von Hotmelt Anlagen und Kaltleimauftragssystemen.<\/p>\t\t\t\t\t\t\t\t<\/div>\n\t\t\t\t<\/div>\n\t\t\t\t<div class=\"elementor-element elementor-element-2a7ff36 elementor-invisible elementor-widget elementor-widget-text-editor\" data-id=\"2a7ff36\" data-element_type=\"widget\" data-e-type=\"widget\" data-settings=\"{&quot;_animation&quot;:&quot;fadeInUp&quot;,&quot;ekit_we_effect_on&quot;:&quot;none&quot;}\" data-widget_type=\"text-editor.default\">\n\t\t\t\t<div class=\"elementor-widget-container\">\n\t\t\t\t\t\t\t\t\t<p>Egal ob in der Automobil-, Elektronik-, Verpackungs- oder M\u00f6belindustrie \u2013 unsere ma\u00dfgeschneiderten Systeme f\u00fcr Hei\u00dfleim- und Kaltleimauftrag bieten Ihnen die Zuverl\u00e4ssigkeit und Flexibilit\u00e4t, die Sie ben\u00f6tigen, um in einem wettbewerbsintensiven Markt erfolgreich zu sein. Mit unserem engagierten Team aus Ingenieuren und Technikern sowie unserem umfassenden Kundenservice stehen wir Ihnen von der ersten Beratung bis zur Implementierung und dar\u00fcber hinaus zur Seite.<\/p>\t\t\t\t\t\t\t\t<\/div>\n\t\t\t\t<\/div>\n\t\t\t\t\t<\/div>\n\t\t\t\t<\/div>\n\t\t<div class=\"elementor-element elementor-element-f292d11 e-flex e-con-boxed e-con e-parent\" data-id=\"f292d11\" data-element_type=\"container\" data-e-type=\"container\" data-settings=\"{&quot;background_background&quot;:&quot;classic&quot;,&quot;ekit_has_onepagescroll_dot&quot;:&quot;yes&quot;}\">\n\t\t\t\t\t<div class=\"e-con-inner\">\n\t\t<div class=\"elementor-element elementor-element-ecb1e33 e-flex e-con-boxed e-con e-child\" data-id=\"ecb1e33\" data-element_type=\"container\" data-e-type=\"container\" data-settings=\"{&quot;ekit_has_onepagescroll_dot&quot;:&quot;yes&quot;}\">\n\t\t\t\t\t<div class=\"e-con-inner\">\n\t\t<a class=\"elementor-element elementor-element-9ddc090 e-con-full e-flex elementor-invisible e-con e-child\" data-id=\"9ddc090\" data-element_type=\"container\" data-e-type=\"container\" data-settings=\"{&quot;animation&quot;:&quot;fadeIn&quot;,&quot;animation_delay&quot;:250,&quot;ekit_has_onepagescroll_dot&quot;:&quot;yes&quot;}\" href=\"https:\/\/reuther-systems.com\/es\/unternehmen\/philosophie\/\">\n\t\t\t\t<div class=\"elementor-element elementor-element-5431cd9 shadow-ttl elementor-widget elementor-widget-elementskit-image-hover-effect\" data-id=\"5431cd9\" data-element_type=\"widget\" data-e-type=\"widget\" data-settings=\"{&quot;ekit_we_effect_on&quot;:&quot;none&quot;}\" data-widget_type=\"elementskit-image-hover-effect.default\">\n\t\t\t\t<div class=\"elementor-widget-container\">\n\t\t\t\t\t<div class=\"ekit-wid-con\" >\t\t\t<div class=\"ekit_image_hover ekit_image_zoom_in\">\n\t\t\t\t<img fetchpriority=\"high\" decoding=\"async\" width=\"2560\" height=\"1707\" src=\"https:\/\/reuther-systems.com\/wp-content\/uploads\/2024\/06\/Philosophie-scaled.jpg\" class=\"attachment-full size-full wp-image-3536\" alt=\"Reuther-Systems Machines\" srcset=\"https:\/\/reuther-systems.com\/wp-content\/uploads\/2024\/06\/Philosophie-scaled.jpg 2560w, https:\/\/reuther-systems.com\/wp-content\/uploads\/2024\/06\/Philosophie-300x200.jpg 300w, https:\/\/reuther-systems.com\/wp-content\/uploads\/2024\/06\/Philosophie-1024x683.jpg 1024w, https:\/\/reuther-systems.com\/wp-content\/uploads\/2024\/06\/Philosophie-768x512.jpg 768w, https:\/\/reuther-systems.com\/wp-content\/uploads\/2024\/06\/Philosophie-1536x1024.jpg 1536w, https:\/\/reuther-systems.com\/wp-content\/uploads\/2024\/06\/Philosophie-2048x1365.jpg 2048w, https:\/\/reuther-systems.com\/wp-content\/uploads\/2024\/06\/Philosophie-18x12.jpg 18w\" sizes=\"(max-width: 2560px) 100vw, 2560px\" \/>\t\t\t\t<div class=\"ekit_image_caption ekit_text_daigonal \">\n\t\t\t\t\t<h2 class=\"ekit_image_caption_title   \" data-settings=\"{&quot;_animation&quot;:&quot;&quot;}\">\n\t\t\t\t\t\tPhilosophie\t\t\t\t\t<\/h2>\n\t\t\t\t\t<p class=\"ekit_image_caption_description   \" data-settings=\"{&quot;_animation&quot;:&quot;&quot;}\">\n\t\t\t\t\t\t\t\t\t\t\t<\/p>\n\t\t\t\t\t\t\t\t\t<\/div>\n\t\t\t<\/div>\n\t\t<\/div>\t\t\t\t<\/div>\n\t\t\t\t<\/div>\n\t\t\t\t<\/a>\n\t\t<a class=\"elementor-element elementor-element-16512b1 e-con-full e-flex elementor-invisible e-con e-child\" data-id=\"16512b1\" data-element_type=\"container\" data-e-type=\"container\" data-settings=\"{&quot;animation&quot;:&quot;fadeIn&quot;,&quot;animation_delay&quot;:250,&quot;ekit_has_onepagescroll_dot&quot;:&quot;yes&quot;}\" href=\"https:\/\/reuther-systems.com\/es\/unternehmen\/nachhaltigkeit\/\">\n\t\t\t\t<div class=\"elementor-element elementor-element-a4e5f60 shadow-ttl elementor-widget elementor-widget-elementskit-image-hover-effect\" data-id=\"a4e5f60\" data-element_type=\"widget\" data-e-type=\"widget\" data-settings=\"{&quot;ekit_we_effect_on&quot;:&quot;none&quot;}\" data-widget_type=\"elementskit-image-hover-effect.default\">\n\t\t\t\t<div class=\"elementor-widget-container\">\n\t\t\t\t\t<div class=\"ekit-wid-con\" >\t\t\t<div class=\"ekit_image_hover ekit_image_zoom_in\">\n\t\t\t\t<img decoding=\"async\" width=\"2560\" height=\"1707\" src=\"https:\/\/reuther-systems.com\/wp-content\/uploads\/2024\/06\/Natur-scaled.jpg\" class=\"attachment-full size-full wp-image-3535\" alt=\"Reuther-Systems Machines\" srcset=\"https:\/\/reuther-systems.com\/wp-content\/uploads\/2024\/06\/Natur-scaled.jpg 2560w, https:\/\/reuther-systems.com\/wp-content\/uploads\/2024\/06\/Natur-300x200.jpg 300w, https:\/\/reuther-systems.com\/wp-content\/uploads\/2024\/06\/Natur-1024x683.jpg 1024w, https:\/\/reuther-systems.com\/wp-content\/uploads\/2024\/06\/Natur-768x512.jpg 768w, https:\/\/reuther-systems.com\/wp-content\/uploads\/2024\/06\/Natur-1536x1024.jpg 1536w, https:\/\/reuther-systems.com\/wp-content\/uploads\/2024\/06\/Natur-2048x1365.jpg 2048w, https:\/\/reuther-systems.com\/wp-content\/uploads\/2024\/06\/Natur-18x12.jpg 18w\" sizes=\"(max-width: 2560px) 100vw, 2560px\" \/>\t\t\t\t<div class=\"ekit_image_caption ekit_text_daigonal \">\n\t\t\t\t\t<h2 class=\"ekit_image_caption_title   \" data-settings=\"{&quot;_animation&quot;:&quot;&quot;}\">\n\t\t\t\t\t\tNachhaltigkeit\t\t\t\t\t<\/h2>\n\t\t\t\t\t<p class=\"ekit_image_caption_description   \" data-settings=\"{&quot;_animation&quot;:&quot;&quot;}\">\n\t\t\t\t\t\t\t\t\t\t\t<\/p>\n\t\t\t\t\t\t\t\t\t<\/div>\n\t\t\t<\/div>\n\t\t<\/div>\t\t\t\t<\/div>\n\t\t\t\t<\/div>\n\t\t\t\t<\/a>\n\t\t<a class=\"elementor-element elementor-element-19a6f82 e-con-full e-flex elementor-invisible e-con e-child\" data-id=\"19a6f82\" data-element_type=\"container\" data-e-type=\"container\" data-settings=\"{&quot;animation&quot;:&quot;fadeIn&quot;,&quot;animation_delay&quot;:250,&quot;ekit_has_onepagescroll_dot&quot;:&quot;yes&quot;}\" href=\"https:\/\/reuther-systems.com\/es\/unternehmen\/historie\/\">\n\t\t\t\t<div class=\"elementor-element elementor-element-a388c7c shadow-ttl elementor-widget elementor-widget-elementskit-image-hover-effect\" data-id=\"a388c7c\" data-element_type=\"widget\" data-e-type=\"widget\" data-settings=\"{&quot;ekit_we_effect_on&quot;:&quot;none&quot;}\" data-widget_type=\"elementskit-image-hover-effect.default\">\n\t\t\t\t<div class=\"elementor-widget-container\">\n\t\t\t\t\t<div class=\"ekit-wid-con\" >\t\t\t<div class=\"ekit_image_hover ekit_image_zoom_in\">\n\t\t\t\t<img decoding=\"async\" width=\"2560\" height=\"1706\" src=\"https:\/\/reuther-systems.com\/wp-content\/uploads\/2024\/06\/Historie-scaled.jpg\" class=\"attachment-full size-full wp-image-3534\" alt=\"Reuther-Systems Machines\" srcset=\"https:\/\/reuther-systems.com\/wp-content\/uploads\/2024\/06\/Historie-scaled.jpg 2560w, https:\/\/reuther-systems.com\/wp-content\/uploads\/2024\/06\/Historie-300x200.jpg 300w, https:\/\/reuther-systems.com\/wp-content\/uploads\/2024\/06\/Historie-1024x683.jpg 1024w, https:\/\/reuther-systems.com\/wp-content\/uploads\/2024\/06\/Historie-768x512.jpg 768w, https:\/\/reuther-systems.com\/wp-content\/uploads\/2024\/06\/Historie-1536x1024.jpg 1536w, https:\/\/reuther-systems.com\/wp-content\/uploads\/2024\/06\/Historie-2048x1365.jpg 2048w, https:\/\/reuther-systems.com\/wp-content\/uploads\/2024\/06\/Historie-18x12.jpg 18w\" sizes=\"(max-width: 2560px) 100vw, 2560px\" \/>\t\t\t\t<div class=\"ekit_image_caption ekit_text_daigonal \">\n\t\t\t\t\t<h2 class=\"ekit_image_caption_title   \" data-settings=\"{&quot;_animation&quot;:&quot;&quot;}\">\n\t\t\t\t\t\tHISTORIE\t\t\t\t\t<\/h2>\n\t\t\t\t\t<p class=\"ekit_image_caption_description   \" data-settings=\"{&quot;_animation&quot;:&quot;&quot;}\">\n\t\t\t\t\t\t\t\t\t\t\t<\/p>\n\t\t\t\t\t\t\t\t\t<\/div>\n\t\t\t<\/div>\n\t\t<\/div>\t\t\t\t<\/div>\n\t\t\t\t<\/div>\n\t\t\t\t<\/a>\n\t\t<a class=\"elementor-element elementor-element-3b7e401 e-con-full e-flex elementor-invisible e-con e-child\" data-id=\"3b7e401\" data-element_type=\"container\" data-e-type=\"container\" data-settings=\"{&quot;animation&quot;:&quot;fadeIn&quot;,&quot;animation_delay&quot;:250,&quot;ekit_has_onepagescroll_dot&quot;:&quot;yes&quot;}\" href=\"https:\/\/reuther-systems.com\/es\/unternehmen\/ethikkodex\/\">\n\t\t\t\t<div class=\"elementor-element elementor-element-f40aa2a shadow-ttl elementor-widget elementor-widget-elementskit-image-hover-effect\" data-id=\"f40aa2a\" data-element_type=\"widget\" data-e-type=\"widget\" data-settings=\"{&quot;ekit_we_effect_on&quot;:&quot;none&quot;}\" data-widget_type=\"elementskit-image-hover-effect.default\">\n\t\t\t\t<div class=\"elementor-widget-container\">\n\t\t\t\t\t<div class=\"ekit-wid-con\" >\t\t\t<div class=\"ekit_image_hover ekit_image_zoom_in\">\n\t\t\t\t<img loading=\"lazy\" decoding=\"async\" width=\"2560\" height=\"1706\" src=\"https:\/\/reuther-systems.com\/wp-content\/uploads\/2024\/06\/Ethik-scaled.jpg\" class=\"attachment-full size-full wp-image-3533\" alt=\"Reuther-Systems Machines\" srcset=\"https:\/\/reuther-systems.com\/wp-content\/uploads\/2024\/06\/Ethik-scaled.jpg 2560w, https:\/\/reuther-systems.com\/wp-content\/uploads\/2024\/06\/Ethik-300x200.jpg 300w, https:\/\/reuther-systems.com\/wp-content\/uploads\/2024\/06\/Ethik-1024x683.jpg 1024w, https:\/\/reuther-systems.com\/wp-content\/uploads\/2024\/06\/Ethik-768x512.jpg 768w, https:\/\/reuther-systems.com\/wp-content\/uploads\/2024\/06\/Ethik-1536x1024.jpg 1536w, https:\/\/reuther-systems.com\/wp-content\/uploads\/2024\/06\/Ethik-2048x1365.jpg 2048w, https:\/\/reuther-systems.com\/wp-content\/uploads\/2024\/06\/Ethik-18x12.jpg 18w\" sizes=\"(max-width: 2560px) 100vw, 2560px\" \/>\t\t\t\t<div class=\"ekit_image_caption ekit_text_daigonal \">\n\t\t\t\t\t<h2 class=\"ekit_image_caption_title   \" data-settings=\"{&quot;_animation&quot;:&quot;&quot;}\">\n\t\t\t\t\t\tETHIKKODEX\t\t\t\t\t<\/h2>\n\t\t\t\t\t<p class=\"ekit_image_caption_description   \" data-settings=\"{&quot;_animation&quot;:&quot;&quot;}\">\n\t\t\t\t\t\t\t\t\t\t\t<\/p>\n\t\t\t\t\t\t\t\t\t<\/div>\n\t\t\t<\/div>\n\t\t<\/div>\t\t\t\t<\/div>\n\t\t\t\t<\/div>\n\t\t\t\t<\/a>\n\t\t\t\t\t<\/div>\n\t\t\t\t<\/div>\n\t\t\t\t\t<\/div>\n\t\t\t\t<\/div>\n\t\t<div class=\"elementor-element elementor-element-1641ee1 e-flex e-con-boxed e-con e-parent\" data-id=\"1641ee1\" data-element_type=\"container\" data-e-type=\"container\" data-settings=\"{&quot;background_background&quot;:&quot;classic&quot;,&quot;ekit_has_onepagescroll_dot&quot;:&quot;yes&quot;}\">\n\t\t\t\t\t<div class=\"e-con-inner\">\n\t\t<div class=\"elementor-element elementor-element-59c218b e-flex e-con-boxed e-con e-child\" data-id=\"59c218b\" data-element_type=\"container\" data-e-type=\"container\" data-settings=\"{&quot;ekit_has_onepagescroll_dot&quot;:&quot;yes&quot;}\">\n\t\t\t\t\t<div class=\"e-con-inner\">\n\t\t<div class=\"elementor-element elementor-element-c767331 e-con-full e-flex elementor-invisible e-con e-child\" data-id=\"c767331\" data-element_type=\"container\" data-e-type=\"container\" data-settings=\"{&quot;background_background&quot;:&quot;classic&quot;,&quot;animation&quot;:&quot;fadeIn&quot;,&quot;animation_delay&quot;:250,&quot;ekit_has_onepagescroll_dot&quot;:&quot;yes&quot;}\">\n\t\t\t\t<div class=\"elementor-element elementor-element-2a5bc96 elementor-widget elementor-widget-heading\" data-id=\"2a5bc96\" data-element_type=\"widget\" data-e-type=\"widget\" data-settings=\"{&quot;ekit_we_effect_on&quot;:&quot;none&quot;}\" data-widget_type=\"heading.default\">\n\t\t\t\t<div class=\"elementor-widget-container\">\n\t\t\t\t\t<h1 class=\"elementor-heading-title elementor-size-default\">Gesch\u00e4ftsf\u00fchrung<\/h1>\t\t\t\t<\/div>\n\t\t\t\t<\/div>\n\t\t\t\t<div class=\"elementor-element elementor-element-77f4413 elementor-invisible elementor-widget elementor-widget-heading\" data-id=\"77f4413\" data-element_type=\"widget\" data-e-type=\"widget\" data-settings=\"{&quot;_animation&quot;:&quot;fadeInUp&quot;,&quot;ekit_we_effect_on&quot;:&quot;none&quot;}\" data-widget_type=\"heading.default\">\n\t\t\t\t<div class=\"elementor-widget-container\">\n\t\t\t\t\t<h3 class=\"elementor-heading-title elementor-size-default\">Wir sind gerne pers\u00f6nlich f\u00fcr Sie da.<\/h3>\t\t\t\t<\/div>\n\t\t\t\t<\/div>\n\t\t\t\t<div class=\"elementor-element elementor-element-f2fcab5 elementor-align-left elementor-widget__width-inherit elementor-invisible elementor-widget elementor-widget-button\" data-id=\"f2fcab5\" data-element_type=\"widget\" data-e-type=\"widget\" data-settings=\"{&quot;_animation&quot;:&quot;fadeInUp&quot;,&quot;ekit_we_effect_on&quot;:&quot;none&quot;}\" data-widget_type=\"button.default\">\n\t\t\t\t<div class=\"elementor-widget-container\">\n\t\t\t\t\t\t\t\t\t<div class=\"elementor-button-wrapper\">\n\t\t\t\t\t<a class=\"elementor-button elementor-button-link elementor-size-sm\" href=\"https:\/\/reuther-systems.com\/es\/klebetechnik-kontakt\/\">\n\t\t\t\t\t\t<span class=\"elementor-button-content-wrapper\">\n\t\t\t\t\t\t\t\t\t<span class=\"elementor-button-text\">Kontaktieren Sie uns!<\/span>\n\t\t\t\t\t<\/span>\n\t\t\t\t\t<\/a>\n\t\t\t\t<\/div>\n\t\t\t\t\t\t\t\t<\/div>\n\t\t\t\t<\/div>\n\t\t\t\t<\/div>\n\t\t<div class=\"elementor-element elementor-element-2a5c495 e-con-full e-flex elementor-invisible e-con e-child\" data-id=\"2a5c495\" data-element_type=\"container\" data-e-type=\"container\" data-settings=\"{&quot;background_background&quot;:&quot;classic&quot;,&quot;animation&quot;:&quot;fadeIn&quot;,&quot;animation_delay&quot;:250,&quot;ekit_has_onepagescroll_dot&quot;:&quot;yes&quot;}\">\n\t\t\t\t<div class=\"elementor-element elementor-element-1911fd8 elementor-widget elementor-widget-image\" data-id=\"1911fd8\" data-element_type=\"widget\" data-e-type=\"widget\" data-settings=\"{&quot;ekit_we_effect_on&quot;:&quot;none&quot;}\" data-widget_type=\"image.default\">\n\t\t\t\t<div class=\"elementor-widget-container\">\n\t\t\t\t\t\t\t\t\t\t\t\t\t\t\t<img loading=\"lazy\" decoding=\"async\" width=\"200\" height=\"200\" src=\"https:\/\/reuther-systems.com\/wp-content\/uploads\/2024\/06\/1608718985274.jpg\" class=\"attachment-large size-large wp-image-2941\" alt=\"1608718985274\" srcset=\"https:\/\/reuther-systems.com\/wp-content\/uploads\/2024\/06\/1608718985274.jpg 200w, https:\/\/reuther-systems.com\/wp-content\/uploads\/2024\/06\/1608718985274-150x150.jpg 150w, https:\/\/reuther-systems.com\/wp-content\/uploads\/2024\/06\/1608718985274-12x12.jpg 12w\" sizes=\"(max-width: 200px) 100vw, 200px\" \/>\t\t\t\t\t\t\t\t\t\t\t\t\t\t\t<\/div>\n\t\t\t\t<\/div>\n\t\t\t\t<\/div>\n\t\t\t\t\t<\/div>\n\t\t\t\t<\/div>\n\t\t\t\t\t<\/div>\n\t\t\t\t<\/div>\n\t\t\t\t<\/div>\n\t\t","protected":false},"excerpt":{"rendered":"<p>Home Willkommen bei Reuther-Systems \u2013 Ihrem Experten f\u00fcr Hei\u00dfleim- und Kaltleimauftragssysteme UNTERNEHMEN Reuther-Systems ist seit Jahrzehnten ein Synonym f\u00fcr professionelle, [&hellip;]<\/p>\n","protected":false},"author":1,"featured_media":0,"parent":0,"menu_order":0,"comment_status":"closed","ping_status":"closed","template":"","meta":{"site-sidebar-layout":"no-sidebar","site-content-layout":"","ast-site-content-layout":"full-width-container","site-content-style":"default","site-sidebar-style":"default","ast-global-header-display":"","ast-banner-title-visibility":"","ast-main-header-display":"","ast-hfb-above-header-display":"","ast-hfb-below-header-display":"","ast-hfb-mobile-header-display":"","site-post-title":"disabled","ast-breadcrumbs-content":"","ast-featured-img":"disabled","footer-sml-layout":"","ast-disable-related-posts":"","theme-transparent-header-meta":"default","adv-header-id-meta":"","stick-header-meta":"","header-above-stick-meta":"","header-main-stick-meta":"","header-below-stick-meta":"","astra-migrate-meta-layouts":"set","ast-page-background-enabled":"default","ast-page-background-meta":{"desktop":{"background-color":"var(--ast-global-color-4)","background-image":"","background-repeat":"repeat","background-position":"center center","background-size":"auto","background-attachment":"scroll","background-type":"","background-media":"","overlay-type":"","overlay-color":"","overlay-opacity":"","overlay-gradient":""},"tablet":{"background-color":"","background-image":"","background-repeat":"repeat","background-position":"center center","background-size":"auto","background-attachment":"scroll","background-type":"","background-media":"","overlay-type":"","overlay-color":"","overlay-opacity":"","overlay-gradient":""},"mobile":{"background-color":"","background-image":"","background-repeat":"repeat","background-position":"center center","background-size":"auto","background-attachment":"scroll","background-type":"","background-media":"","overlay-type":"","overlay-color":"","overlay-opacity":"","overlay-gradient":""}},"ast-content-background-meta":{"desktop":{"background-color":"var(--ast-global-color-5)","background-image":"","background-repeat":"repeat","background-position":"center center","background-size":"auto","background-attachment":"scroll","background-type":"","background-media":"","overlay-type":"","overlay-color":"","overlay-opacity":"","overlay-gradient":""},"tablet":{"background-color":"var(--ast-global-color-5)","background-image":"","background-repeat":"repeat","background-position":"center center","background-size":"auto","background-attachment":"scroll","background-type":"","background-media":"","overlay-type":"","overlay-color":"","overlay-opacity":"","overlay-gradient":""},"mobile":{"background-color":"var(--ast-global-color-5)","background-image":"","background-repeat":"repeat","background-position":"center center","background-size":"auto","background-attachment":"scroll","background-type":"","background-media":"","overlay-type":"","overlay-color":"","overlay-opacity":"","overlay-gradient":""}},"footnotes":""},"class_list":["post-811","page","type-page","status-publish","hentry"],"_links":{"self":[{"href":"https:\/\/reuther-systems.com\/es\/wp-json\/wp\/v2\/pages\/811","targetHints":{"allow":["GET"]}}],"collection":[{"href":"https:\/\/reuther-systems.com\/es\/wp-json\/wp\/v2\/pages"}],"about":[{"href":"https:\/\/reuther-systems.com\/es\/wp-json\/wp\/v2\/types\/page"}],"author":[{"embeddable":true,"href":"https:\/\/reuther-systems.com\/es\/wp-json\/wp\/v2\/users\/1"}],"replies":[{"embeddable":true,"href":"https:\/\/reuther-systems.com\/es\/wp-json\/wp\/v2\/comments?post=811"}],"version-history":[{"count":0,"href":"https:\/\/reuther-systems.com\/es\/wp-json\/wp\/v2\/pages\/811\/revisions"}],"wp:attachment":[{"href":"https:\/\/reuther-systems.com\/es\/wp-json\/wp\/v2\/media?parent=811"}],"curies":[{"name":"wp","href":"https:\/\/api.w.org\/{rel}","templated":true}]}}