{"id":849,"date":"2024-05-17T19:09:56","date_gmt":"2024-05-17T19:09:56","guid":{"rendered":"https:\/\/reuther-systems.com\/?page_id=849"},"modified":"2024-06-27T06:22:24","modified_gmt":"2024-06-27T06:22:24","slug":"philosophie","status":"publish","type":"page","link":"https:\/\/reuther-systems.com\/es\/unternehmen\/philosophie\/","title":{"rendered":"Filosof\u00eda"},"content":{"rendered":"\t\t<div data-elementor-type=\"wp-page\" data-elementor-id=\"849\" class=\"elementor elementor-849\" data-elementor-post-type=\"page\">\n\t\t\t\t<div class=\"elementor-element elementor-element-b538369 e-flex e-con-boxed e-con e-parent\" data-id=\"b538369\" data-element_type=\"container\" data-e-type=\"container\" data-settings=\"{&quot;background_background&quot;:&quot;classic&quot;,&quot;ekit_has_onepagescroll_dot&quot;:&quot;yes&quot;}\">\n\t\t\t\t\t<div class=\"e-con-inner\">\n\t\t\t\t\t<\/div>\n\t\t\t\t<\/div>\n\t\t<div class=\"elementor-element elementor-element-4b2f6791 e-con-full e-flex e-con e-parent\" data-id=\"4b2f6791\" data-element_type=\"container\" data-e-type=\"container\" data-settings=\"{&quot;background_background&quot;:&quot;classic&quot;,&quot;sticky&quot;:&quot;top&quot;,&quot;sticky_offset&quot;:80,&quot;sticky_offset_tablet&quot;:80,&quot;ekit_has_onepagescroll_dot&quot;:&quot;yes&quot;,&quot;sticky_on&quot;:[&quot;desktop&quot;,&quot;tablet&quot;,&quot;mobile&quot;],&quot;sticky_effects_offset&quot;:0,&quot;sticky_anchor_link_offset&quot;:0}\">\n\t\t<div class=\"elementor-element elementor-element-79119fa9 e-flex e-con-boxed e-con e-child\" data-id=\"79119fa9\" data-element_type=\"container\" data-e-type=\"container\" data-settings=\"{&quot;background_background&quot;:&quot;classic&quot;,&quot;ekit_has_onepagescroll_dot&quot;:&quot;yes&quot;}\">\n\t\t\t\t\t<div class=\"e-con-inner\">\n\t\t\t\t<div class=\"elementor-element elementor-element-334582db elementor-widget elementor-widget-elementskit-breadcrumb\" data-id=\"334582db\" data-element_type=\"widget\" data-e-type=\"widget\" data-settings=\"{&quot;ekit_we_effect_on&quot;:&quot;none&quot;}\" data-widget_type=\"elementskit-breadcrumb.default\">\n\t\t\t\t<div class=\"elementor-widget-container\">\n\t\t\t\t\t<div class=\"ekit-wid-con\" ><ol class=\"ekit-breadcrumb\"><li class=\"ekit_breadcrumbs_start\"><a href=\"https:\/\/reuther-systems.com\/es\">Home<\/a><\/li><\/ol><\/div>\t\t\t\t<\/div>\n\t\t\t\t<\/div>\n\t\t\t\t\t<\/div>\n\t\t\t\t<\/div>\n\t\t\t\t<\/div>\n\t\t<div class=\"elementor-element elementor-element-4bd1004e e-flex e-con-boxed e-con e-parent\" data-id=\"4bd1004e\" data-element_type=\"container\" data-e-type=\"container\" data-settings=\"{&quot;ekit_has_onepagescroll_dot&quot;:&quot;yes&quot;}\">\n\t\t\t\t\t<div class=\"e-con-inner\">\n\t\t\t\t<div class=\"elementor-element elementor-element-5fd19e0c elementor-invisible elementor-widget elementor-widget-heading\" data-id=\"5fd19e0c\" data-element_type=\"widget\" data-e-type=\"widget\" data-settings=\"{&quot;_animation&quot;:&quot;fadeInUp&quot;,&quot;ekit_we_effect_on&quot;:&quot;none&quot;}\" data-widget_type=\"heading.default\">\n\t\t\t\t<div class=\"elementor-widget-container\">\n\t\t\t\t\t<h4 class=\"elementor-heading-title elementor-size-default\">UNTERNEHMENSERFOLG VERPFLICHTET<\/h4>\t\t\t\t<\/div>\n\t\t\t\t<\/div>\n\t\t\t\t<div class=\"elementor-element elementor-element-6290d5ce elementor-invisible elementor-widget elementor-widget-heading\" data-id=\"6290d5ce\" data-element_type=\"widget\" data-e-type=\"widget\" data-settings=\"{&quot;_animation&quot;:&quot;fadeInUp&quot;,&quot;ekit_we_effect_on&quot;:&quot;none&quot;}\" data-widget_type=\"heading.default\">\n\t\t\t\t<div class=\"elementor-widget-container\">\n\t\t\t\t\t<h1 class=\"elementor-heading-title elementor-size-default\">Philosophie<\/h1>\t\t\t\t<\/div>\n\t\t\t\t<\/div>\n\t\t\t\t<div class=\"elementor-element elementor-element-341a940f elementor-invisible elementor-widget elementor-widget-text-editor\" data-id=\"341a940f\" data-element_type=\"widget\" data-e-type=\"widget\" data-settings=\"{&quot;_animation&quot;:&quot;fadeInUp&quot;,&quot;ekit_we_effect_on&quot;:&quot;none&quot;}\" data-widget_type=\"text-editor.default\">\n\t\t\t\t<div class=\"elementor-widget-container\">\n\t\t\t\t\t\t\t\t\t<p>Bei Reuther-Systems ist Engagement ein zentraler Bestandteil unserer Unternehmenskultur. Wir glauben daran, dass das Engagement unserer Mitarbeiter der Schl\u00fcssel zu unserem Erfolg ist und uns dabei hilft, unsere Ziele zu erreichen und unsere Vision zu verwirklichen. Unser Team von Fachleuten ist hochmotiviert und engagiert sich leidenschaftlich f\u00fcr die Entwicklung und Bereitstellung erstklassiger L\u00f6sungen f\u00fcr den maschinellen Klebstoffauftrag.<\/p>\t\t\t\t\t\t\t\t<\/div>\n\t\t\t\t<\/div>\n\t\t\t\t<div class=\"elementor-element elementor-element-abae63e elementor-invisible elementor-widget elementor-widget-text-editor\" data-id=\"abae63e\" data-element_type=\"widget\" data-e-type=\"widget\" data-settings=\"{&quot;_animation&quot;:&quot;fadeInUp&quot;,&quot;ekit_we_effect_on&quot;:&quot;none&quot;}\" data-widget_type=\"text-editor.default\">\n\t\t\t\t<div class=\"elementor-widget-container\">\n\t\t\t\t\t\t\t\t\t<p>Wir schaffen ein inspirierendes Arbeitsumfeld, das Kreativit\u00e4t, Teamarbeit und pers\u00f6nliches Wachstum f\u00f6rdert, und ermutigen unsere Mitarbeiter, sich aktiv einzubringen und ihre Ideen und Innovationen einzubringen. Durch kontinuierliche Weiterbildung und Entwicklungsm\u00f6glichkeiten unterst\u00fctzen wir das Engagement unserer Mitarbeiter und st\u00e4rken ihr Fachwissen und ihre F\u00e4higkeiten, um Spitzenleistungen zu erzielen und unsere Kunden bestm\u00f6glich zu unterst\u00fctzen.<\/p>\t\t\t\t\t\t\t\t<\/div>\n\t\t\t\t<\/div>\n\t\t\t\t\t<\/div>\n\t\t\t\t<\/div>\n\t\t<div class=\"elementor-element elementor-element-545fa50e e-flex e-con-boxed e-con e-parent\" data-id=\"545fa50e\" data-element_type=\"container\" data-e-type=\"container\" data-settings=\"{&quot;ekit_has_onepagescroll_dot&quot;:&quot;yes&quot;}\">\n\t\t\t\t\t<div class=\"e-con-inner\">\n\t\t<div class=\"elementor-element elementor-element-2dc8e43d e-flex e-con-boxed e-con e-child\" data-id=\"2dc8e43d\" data-element_type=\"container\" data-e-type=\"container\" data-settings=\"{&quot;ekit_has_onepagescroll_dot&quot;:&quot;yes&quot;}\">\n\t\t\t\t\t<div class=\"e-con-inner\">\n\t\t<div class=\"elementor-element elementor-element-719883cc e-flex e-con-boxed e-con e-child\" data-id=\"719883cc\" data-element_type=\"container\" data-e-type=\"container\" data-settings=\"{&quot;animation&quot;:&quot;none&quot;,&quot;background_background&quot;:&quot;classic&quot;,&quot;ekit_has_onepagescroll_dot&quot;:&quot;yes&quot;}\">\n\t\t\t\t\t<div class=\"e-con-inner\">\n\t\t\t\t<div class=\"elementor-element elementor-element-2b0c0d5c elementor-invisible elementor-widget elementor-widget-heading\" data-id=\"2b0c0d5c\" data-element_type=\"widget\" data-e-type=\"widget\" data-settings=\"{&quot;_animation&quot;:&quot;fadeInUp&quot;,&quot;ekit_we_effect_on&quot;:&quot;none&quot;}\" data-widget_type=\"heading.default\">\n\t\t\t\t<div class=\"elementor-widget-container\">\n\t\t\t\t\t<h2 class=\"elementor-heading-title elementor-size-default\">FAMILIENUNTERNEHMEN<\/h2>\t\t\t\t<\/div>\n\t\t\t\t<\/div>\n\t\t\t\t<div class=\"elementor-element elementor-element-28daa403 elementor-invisible elementor-widget elementor-widget-text-editor\" data-id=\"28daa403\" data-element_type=\"widget\" data-e-type=\"widget\" data-settings=\"{&quot;_animation&quot;:&quot;fadeInUp&quot;,&quot;ekit_we_effect_on&quot;:&quot;none&quot;}\" data-widget_type=\"text-editor.default\">\n\t\t\t\t<div class=\"elementor-widget-container\">\n\t\t\t\t\t\t\t\t\t<p><b>Langfristige Perspektive.<\/b> Wir sind nicht auf kurzfristige Gewinne fokussiert und legen gro\u00dfen Wert auf nachhaltiges Wachstum und langfristigen Erfolg. Durch kurze Entscheidungswege erreichen wir schnelle Reaktionen auf Ihre spezifischen Anforderungen und Ver\u00e4nderungen am Markt.<\/p>\t\t\t\t\t\t\t\t<\/div>\n\t\t\t\t<\/div>\n\t\t\t\t\t<\/div>\n\t\t\t\t<\/div>\n\t\t\t\t\t<\/div>\n\t\t\t\t<\/div>\n\t\t\t\t\t<\/div>\n\t\t\t\t<\/div>\n\t\t<div class=\"elementor-element elementor-element-1893530 e-flex e-con-boxed e-con e-parent\" data-id=\"1893530\" data-element_type=\"container\" data-e-type=\"container\" data-settings=\"{&quot;ekit_has_onepagescroll_dot&quot;:&quot;yes&quot;}\">\n\t\t\t\t\t<div class=\"e-con-inner\">\n\t\t<div class=\"elementor-element elementor-element-069c0e4 e-flex e-con-boxed e-con e-child\" data-id=\"069c0e4\" data-element_type=\"container\" data-e-type=\"container\" data-settings=\"{&quot;ekit_has_onepagescroll_dot&quot;:&quot;yes&quot;}\">\n\t\t\t\t\t<div class=\"e-con-inner\">\n\t\t<a class=\"elementor-element elementor-element-866bf13 e-con-full i_box e-flex elementor-invisible e-con e-child\" data-id=\"866bf13\" data-element_type=\"container\" data-e-type=\"container\" data-settings=\"{&quot;animation&quot;:&quot;fadeIn&quot;,&quot;animation_delay&quot;:500,&quot;ekit_has_onepagescroll_dot&quot;:&quot;yes&quot;}\" href=\"https:\/\/reuther-systems.com\/es\/unternehmen\/nachhaltigkeit\/\">\n\t\t<div class=\"elementor-element elementor-element-8af5881 image-boxx e-flex e-con-boxed e-con e-child\" data-id=\"8af5881\" data-element_type=\"container\" data-e-type=\"container\" data-settings=\"{&quot;ekit_has_onepagescroll_dot&quot;:&quot;yes&quot;}\">\n\t\t\t\t\t<div class=\"e-con-inner\">\n\t\t\t\t<div class=\"elementor-element elementor-element-20d9485 elementor-widget elementor-widget-image\" data-id=\"20d9485\" data-element_type=\"widget\" data-e-type=\"widget\" data-settings=\"{&quot;ekit_we_effect_on&quot;:&quot;none&quot;}\" data-widget_type=\"image.default\">\n\t\t\t\t<div class=\"elementor-widget-container\">\n\t\t\t\t\t\t\t\t\t\t\t\t\t\t\t<img fetchpriority=\"high\" decoding=\"async\" width=\"2560\" height=\"1707\" src=\"https:\/\/reuther-systems.com\/wp-content\/uploads\/2024\/06\/Natur-scaled.jpg\" class=\"elementor-animation-grow attachment-full size-full wp-image-3535\" alt=\"Reuther-Systems Machines\" srcset=\"https:\/\/reuther-systems.com\/wp-content\/uploads\/2024\/06\/Natur-scaled.jpg 2560w, https:\/\/reuther-systems.com\/wp-content\/uploads\/2024\/06\/Natur-300x200.jpg 300w, https:\/\/reuther-systems.com\/wp-content\/uploads\/2024\/06\/Natur-1024x683.jpg 1024w, https:\/\/reuther-systems.com\/wp-content\/uploads\/2024\/06\/Natur-768x512.jpg 768w, https:\/\/reuther-systems.com\/wp-content\/uploads\/2024\/06\/Natur-1536x1024.jpg 1536w, https:\/\/reuther-systems.com\/wp-content\/uploads\/2024\/06\/Natur-2048x1365.jpg 2048w, https:\/\/reuther-systems.com\/wp-content\/uploads\/2024\/06\/Natur-18x12.jpg 18w\" sizes=\"(max-width: 2560px) 100vw, 2560px\" \/>\t\t\t\t\t\t\t\t\t\t\t\t\t\t\t<\/div>\n\t\t\t\t<\/div>\n\t\t\t\t\t<\/div>\n\t\t\t\t<\/div>\n\t\t\t\t<div class=\"elementor-element elementor-element-c8c628c i_ttl elementor-widget elementor-widget-text-editor\" data-id=\"c8c628c\" data-element_type=\"widget\" data-e-type=\"widget\" data-settings=\"{&quot;ekit_we_effect_on&quot;:&quot;none&quot;}\" data-widget_type=\"text-editor.default\">\n\t\t\t\t<div class=\"elementor-widget-container\">\n\t\t\t\t\t\t\t\t\t<p>Nachhaltigkeit<\/p>\t\t\t\t\t\t\t\t<\/div>\n\t\t\t\t<\/div>\n\t\t\t\t<\/a>\n\t\t<a class=\"elementor-element elementor-element-6b5af30 e-con-full i_box e-flex elementor-invisible e-con e-child\" data-id=\"6b5af30\" data-element_type=\"container\" data-e-type=\"container\" data-settings=\"{&quot;animation&quot;:&quot;fadeIn&quot;,&quot;animation_delay&quot;:500,&quot;ekit_has_onepagescroll_dot&quot;:&quot;yes&quot;}\" href=\"https:\/\/reuther-systems.com\/es\/unternehmen\/historie\/\">\n\t\t<div class=\"elementor-element elementor-element-79168bb image-boxx e-flex e-con-boxed e-con e-child\" data-id=\"79168bb\" data-element_type=\"container\" data-e-type=\"container\" data-settings=\"{&quot;ekit_has_onepagescroll_dot&quot;:&quot;yes&quot;}\">\n\t\t\t\t\t<div class=\"e-con-inner\">\n\t\t\t\t<div class=\"elementor-element elementor-element-12e0240 elementor-widget elementor-widget-image\" data-id=\"12e0240\" data-element_type=\"widget\" data-e-type=\"widget\" data-settings=\"{&quot;ekit_we_effect_on&quot;:&quot;none&quot;}\" data-widget_type=\"image.default\">\n\t\t\t\t<div class=\"elementor-widget-container\">\n\t\t\t\t\t\t\t\t\t\t\t\t\t\t\t<img decoding=\"async\" width=\"2560\" height=\"1706\" src=\"https:\/\/reuther-systems.com\/wp-content\/uploads\/2024\/06\/Historie-scaled.jpg\" class=\"elementor-animation-grow attachment-full size-full wp-image-3534\" alt=\"Reuther-Systems Machines\" srcset=\"https:\/\/reuther-systems.com\/wp-content\/uploads\/2024\/06\/Historie-scaled.jpg 2560w, https:\/\/reuther-systems.com\/wp-content\/uploads\/2024\/06\/Historie-300x200.jpg 300w, https:\/\/reuther-systems.com\/wp-content\/uploads\/2024\/06\/Historie-1024x683.jpg 1024w, https:\/\/reuther-systems.com\/wp-content\/uploads\/2024\/06\/Historie-768x512.jpg 768w, https:\/\/reuther-systems.com\/wp-content\/uploads\/2024\/06\/Historie-1536x1024.jpg 1536w, https:\/\/reuther-systems.com\/wp-content\/uploads\/2024\/06\/Historie-2048x1365.jpg 2048w, https:\/\/reuther-systems.com\/wp-content\/uploads\/2024\/06\/Historie-18x12.jpg 18w\" sizes=\"(max-width: 2560px) 100vw, 2560px\" \/>\t\t\t\t\t\t\t\t\t\t\t\t\t\t\t<\/div>\n\t\t\t\t<\/div>\n\t\t\t\t\t<\/div>\n\t\t\t\t<\/div>\n\t\t\t\t<div class=\"elementor-element elementor-element-6d3ed80 i_ttl elementor-widget elementor-widget-text-editor\" data-id=\"6d3ed80\" data-element_type=\"widget\" data-e-type=\"widget\" data-settings=\"{&quot;ekit_we_effect_on&quot;:&quot;none&quot;}\" data-widget_type=\"text-editor.default\">\n\t\t\t\t<div class=\"elementor-widget-container\">\n\t\t\t\t\t\t\t\t\t<p>Historie<\/p>\t\t\t\t\t\t\t\t<\/div>\n\t\t\t\t<\/div>\n\t\t\t\t<\/a>\n\t\t<a class=\"elementor-element elementor-element-f9f1f10 e-con-full i_box e-flex elementor-invisible e-con e-child\" data-id=\"f9f1f10\" data-element_type=\"container\" data-e-type=\"container\" data-settings=\"{&quot;animation&quot;:&quot;fadeIn&quot;,&quot;animation_delay&quot;:500,&quot;ekit_has_onepagescroll_dot&quot;:&quot;yes&quot;}\" href=\"https:\/\/reuther-systems.com\/es\/unternehmen\/philosophie\/\">\n\t\t<div class=\"elementor-element elementor-element-7125bbc image-boxx e-flex e-con-boxed e-con e-child\" data-id=\"7125bbc\" data-element_type=\"container\" data-e-type=\"container\" data-settings=\"{&quot;ekit_has_onepagescroll_dot&quot;:&quot;yes&quot;}\">\n\t\t\t\t\t<div class=\"e-con-inner\">\n\t\t\t\t<div class=\"elementor-element elementor-element-6780bfd elementor-widget elementor-widget-image\" data-id=\"6780bfd\" data-element_type=\"widget\" data-e-type=\"widget\" data-settings=\"{&quot;ekit_we_effect_on&quot;:&quot;none&quot;}\" data-widget_type=\"image.default\">\n\t\t\t\t<div class=\"elementor-widget-container\">\n\t\t\t\t\t\t\t\t\t\t\t\t\t\t\t<img decoding=\"async\" width=\"2560\" height=\"1707\" src=\"https:\/\/reuther-systems.com\/wp-content\/uploads\/2024\/06\/Philosophie-scaled.jpg\" class=\"elementor-animation-grow attachment-full size-full wp-image-3536\" alt=\"Reuther-Systems Machines\" srcset=\"https:\/\/reuther-systems.com\/wp-content\/uploads\/2024\/06\/Philosophie-scaled.jpg 2560w, https:\/\/reuther-systems.com\/wp-content\/uploads\/2024\/06\/Philosophie-300x200.jpg 300w, https:\/\/reuther-systems.com\/wp-content\/uploads\/2024\/06\/Philosophie-1024x683.jpg 1024w, https:\/\/reuther-systems.com\/wp-content\/uploads\/2024\/06\/Philosophie-768x512.jpg 768w, https:\/\/reuther-systems.com\/wp-content\/uploads\/2024\/06\/Philosophie-1536x1024.jpg 1536w, https:\/\/reuther-systems.com\/wp-content\/uploads\/2024\/06\/Philosophie-2048x1365.jpg 2048w, https:\/\/reuther-systems.com\/wp-content\/uploads\/2024\/06\/Philosophie-18x12.jpg 18w\" sizes=\"(max-width: 2560px) 100vw, 2560px\" \/>\t\t\t\t\t\t\t\t\t\t\t\t\t\t\t<\/div>\n\t\t\t\t<\/div>\n\t\t\t\t\t<\/div>\n\t\t\t\t<\/div>\n\t\t\t\t<div class=\"elementor-element elementor-element-797566d i_ttl elementor-widget elementor-widget-text-editor\" data-id=\"797566d\" data-element_type=\"widget\" data-e-type=\"widget\" data-settings=\"{&quot;ekit_we_effect_on&quot;:&quot;none&quot;}\" data-widget_type=\"text-editor.default\">\n\t\t\t\t<div class=\"elementor-widget-container\">\n\t\t\t\t\t\t\t\t\t<p>Philosophie<\/p>\t\t\t\t\t\t\t\t<\/div>\n\t\t\t\t<\/div>\n\t\t\t\t<\/a>\n\t\t<a class=\"elementor-element elementor-element-8140fb3 e-con-full i_box e-flex elementor-invisible e-con e-child\" data-id=\"8140fb3\" data-element_type=\"container\" data-e-type=\"container\" data-settings=\"{&quot;animation&quot;:&quot;fadeIn&quot;,&quot;animation_delay&quot;:500,&quot;ekit_has_onepagescroll_dot&quot;:&quot;yes&quot;}\" href=\"https:\/\/reuther-systems.com\/es\/unternehmen\/ethikkodex\/\">\n\t\t<div class=\"elementor-element elementor-element-860a0cf image-boxx e-flex e-con-boxed e-con e-child\" data-id=\"860a0cf\" data-element_type=\"container\" data-e-type=\"container\" data-settings=\"{&quot;ekit_has_onepagescroll_dot&quot;:&quot;yes&quot;}\">\n\t\t\t\t\t<div class=\"e-con-inner\">\n\t\t\t\t<div class=\"elementor-element elementor-element-28bfa45 elementor-widget elementor-widget-image\" data-id=\"28bfa45\" data-element_type=\"widget\" data-e-type=\"widget\" data-settings=\"{&quot;ekit_we_effect_on&quot;:&quot;none&quot;}\" data-widget_type=\"image.default\">\n\t\t\t\t<div class=\"elementor-widget-container\">\n\t\t\t\t\t\t\t\t\t\t\t\t\t\t\t<img loading=\"lazy\" decoding=\"async\" width=\"2560\" height=\"1706\" src=\"https:\/\/reuther-systems.com\/wp-content\/uploads\/2024\/06\/Ethik-scaled.jpg\" class=\"elementor-animation-grow attachment-full size-full wp-image-3533\" alt=\"Reuther-Systems Machines\" srcset=\"https:\/\/reuther-systems.com\/wp-content\/uploads\/2024\/06\/Ethik-scaled.jpg 2560w, https:\/\/reuther-systems.com\/wp-content\/uploads\/2024\/06\/Ethik-300x200.jpg 300w, https:\/\/reuther-systems.com\/wp-content\/uploads\/2024\/06\/Ethik-1024x683.jpg 1024w, https:\/\/reuther-systems.com\/wp-content\/uploads\/2024\/06\/Ethik-768x512.jpg 768w, https:\/\/reuther-systems.com\/wp-content\/uploads\/2024\/06\/Ethik-1536x1024.jpg 1536w, https:\/\/reuther-systems.com\/wp-content\/uploads\/2024\/06\/Ethik-2048x1365.jpg 2048w, https:\/\/reuther-systems.com\/wp-content\/uploads\/2024\/06\/Ethik-18x12.jpg 18w\" sizes=\"(max-width: 2560px) 100vw, 2560px\" \/>\t\t\t\t\t\t\t\t\t\t\t\t\t\t\t<\/div>\n\t\t\t\t<\/div>\n\t\t\t\t\t<\/div>\n\t\t\t\t<\/div>\n\t\t\t\t<div class=\"elementor-element elementor-element-e54d8a9 i_ttl elementor-widget elementor-widget-text-editor\" data-id=\"e54d8a9\" data-element_type=\"widget\" data-e-type=\"widget\" data-settings=\"{&quot;ekit_we_effect_on&quot;:&quot;none&quot;}\" data-widget_type=\"text-editor.default\">\n\t\t\t\t<div class=\"elementor-widget-container\">\n\t\t\t\t\t\t\t\t\t<p>Ethikkodex<\/p>\t\t\t\t\t\t\t\t<\/div>\n\t\t\t\t<\/div>\n\t\t\t\t<\/a>\n\t\t\t\t\t<\/div>\n\t\t\t\t<\/div>\n\t\t\t\t\t<\/div>\n\t\t\t\t<\/div>\n\t\t\t\t<\/div>\n\t\t","protected":false},"excerpt":{"rendered":"<p>Home UNTERNEHMENSERFOLG VERPFLICHTET Philosophie Bei Reuther-Systems ist Engagement ein zentraler Bestandteil unserer Unternehmenskultur. Wir glauben daran, dass das Engagement unserer [&hellip;]<\/p>\n","protected":false},"author":1,"featured_media":0,"parent":811,"menu_order":0,"comment_status":"closed","ping_status":"closed","template":"","meta":{"site-sidebar-layout":"no-sidebar","site-content-layout":"","ast-site-content-layout":"full-width-container","site-content-style":"default","site-sidebar-style":"default","ast-global-header-display":"","ast-banner-title-visibility":"","ast-main-header-display":"","ast-hfb-above-header-display":"","ast-hfb-below-header-display":"","ast-hfb-mobile-header-display":"","site-post-title":"disabled","ast-breadcrumbs-content":"","ast-featured-img":"disabled","footer-sml-layout":"","ast-disable-related-posts":"","theme-transparent-header-meta":"default","adv-header-id-meta":"","stick-header-meta":"","header-above-stick-meta":"","header-main-stick-meta":"","header-below-stick-meta":"","astra-migrate-meta-layouts":"set","ast-page-background-enabled":"default","ast-page-background-meta":{"desktop":{"background-color":"var(--ast-global-color-4)","background-image":"","background-repeat":"repeat","background-position":"center center","background-size":"auto","background-attachment":"scroll","background-type":"","background-media":"","overlay-type":"","overlay-color":"","overlay-opacity":"","overlay-gradient":""},"tablet":{"background-color":"","background-image":"","background-repeat":"repeat","background-position":"center center","background-size":"auto","background-attachment":"scroll","background-type":"","background-media":"","overlay-type":"","overlay-color":"","overlay-opacity":"","overlay-gradient":""},"mobile":{"background-color":"","background-image":"","background-repeat":"repeat","background-position":"center center","background-size":"auto","background-attachment":"scroll","background-type":"","background-media":"","overlay-type":"","overlay-color":"","overlay-opacity":"","overlay-gradient":""}},"ast-content-background-meta":{"desktop":{"background-color":"var(--ast-global-color-5)","background-image":"","background-repeat":"repeat","background-position":"center center","background-size":"auto","background-attachment":"scroll","background-type":"","background-media":"","overlay-type":"","overlay-color":"","overlay-opacity":"","overlay-gradient":""},"tablet":{"background-color":"var(--ast-global-color-5)","background-image":"","background-repeat":"repeat","background-position":"center center","background-size":"auto","background-attachment":"scroll","background-type":"","background-media":"","overlay-type":"","overlay-color":"","overlay-opacity":"","overlay-gradient":""},"mobile":{"background-color":"var(--ast-global-color-5)","background-image":"","background-repeat":"repeat","background-position":"center center","background-size":"auto","background-attachment":"scroll","background-type":"","background-media":"","overlay-type":"","overlay-color":"","overlay-opacity":"","overlay-gradient":""}},"footnotes":""},"class_list":["post-849","page","type-page","status-publish","hentry"],"_links":{"self":[{"href":"https:\/\/reuther-systems.com\/es\/wp-json\/wp\/v2\/pages\/849","targetHints":{"allow":["GET"]}}],"collection":[{"href":"https:\/\/reuther-systems.com\/es\/wp-json\/wp\/v2\/pages"}],"about":[{"href":"https:\/\/reuther-systems.com\/es\/wp-json\/wp\/v2\/types\/page"}],"author":[{"embeddable":true,"href":"https:\/\/reuther-systems.com\/es\/wp-json\/wp\/v2\/users\/1"}],"replies":[{"embeddable":true,"href":"https:\/\/reuther-systems.com\/es\/wp-json\/wp\/v2\/comments?post=849"}],"version-history":[{"count":0,"href":"https:\/\/reuther-systems.com\/es\/wp-json\/wp\/v2\/pages\/849\/revisions"}],"up":[{"embeddable":true,"href":"https:\/\/reuther-systems.com\/es\/wp-json\/wp\/v2\/pages\/811"}],"wp:attachment":[{"href":"https:\/\/reuther-systems.com\/es\/wp-json\/wp\/v2\/media?parent=849"}],"curies":[{"name":"wp","href":"https:\/\/api.w.org\/{rel}","templated":true}]}}